{"id":692,"date":"2025-11-10T13:25:59","date_gmt":"2025-11-10T13:25:59","guid":{"rendered":"https:\/\/equipepina.com\/privacy-policy\/"},"modified":"2026-01-09T17:16:37","modified_gmt":"2026-01-09T17:16:37","slug":"politique-de-confidentialite","status":"publish","type":"page","link":"https:\/\/equipepina.com\/fr\/politique-de-confidentialite\/","title":{"rendered":"Politique de confidentialit\u00e9"},"content":{"rendered":"\r\n<p>Cette politique de confidentialit\u00e9 r\u00e9git la mani\u00e8re dont Pina Scicchitano collecte, utilise, conserve et divulgue les informations recueillies aupr\u00e8s des utilisateurs.<span id=\"privacy-policy-referrer\"><\/span><\/p>\r\n<h3 class=\"wp-block-heading\">Informations d\u2019identification personnelle<\/h3>\r\n<p>Nous pouvons collecter des informations d\u2019identification personnelle aupr\u00e8s des utilisateurs de diff\u00e9rentes mani\u00e8res, notamment lorsque l\u2019utilisateur visite notre site, s\u2019enregistre sur le site, s\u2019abonne \u00e0 l\u2019infolettre, remplit un formulaire, et en relation avec d\u2019autres activit\u00e9s, services, fonctionnalit\u00e9s ou ressources que nous mettons \u00e0 votre disposition sur notre site. Les utilisateurs peuvent \u00eatre invit\u00e9s \u00e0 indiquer, le cas \u00e9ch\u00e9ant, leur nom, leur adresse \u00e9lectronique, leur adresse postale et leur num\u00e9ro de t\u00e9l\u00e9phone. Les utilisateurs peuvent toutefois visiter notre site de mani\u00e8re anonyme. Nous collectons des informations d\u2019identification personnelle aupr\u00e8s des utilisateurs uniquement s\u2019ils nous les soumettent volontairement. Les utilisateurs peuvent toujours refuser de fournir des informations d\u2019identification personnelles, sauf que cela peut les emp\u00eacher de participer \u00e0 certaines activit\u00e9s li\u00e9es au site.<\/p>\r\n<p>Nous pourrions collecter les renseignements suivants :<\/p>\r\n<ul>\r\n<li>Nom<\/li>\r\n<li>Pr\u00e9nom<\/li>\r\n<li>Adresse postale<\/li>\r\n<li>Code postal<\/li>\r\n<li>Adresse \u00e9lectronique<\/li>\r\n<li>Num\u00e9ro de t\u00e9l\u00e9phone<\/li>\r\n<\/ul>\r\n<p>Les renseignements personnels que nous collectons sont recueillis au travers de formulaires et gr\u00e2ce \u00e0 l\u2019interactivit\u00e9 \u00e9tablie entre vous, notre site Web et nos r\u00e9seaux sociaux. Nous utilisons \u00e9galement, comme indiqu\u00e9 dans la section suivante, des fichiers t\u00e9moins et\/ou journaux pour r\u00e9unir des informations vous concernant.<\/p>\r\n<h3>Formulaires et interactivit\u00e9s<\/h3>\r\n<p>Vos renseignements personnels pourraient \u00eatre collect\u00e9s par le biais de plusieurs formulaires, exemple :<\/p>\r\n<ul>\r\n<li>Formulaire de contact<\/li>\r\n<li>Formulaire de demande d\u2019information<\/li>\r\n<li>Formulaire de demande de visite<\/li>\r\n<li>Formulaire d\u2019\u00e9valuation immobili\u00e8re<\/li>\r\n<li>Formulaire de t\u00e9moignage<\/li>\r\n<li>Formulaire d\u2019alerte immobili\u00e8re<\/li>\r\n<\/ul>\r\n<h3>Informations d\u2019identification non personnelles<\/h3>\r\n<p>Nous pouvons collecter des informations d\u2019identification non personnelles sur les utilisateurs chaque fois qu\u2019ils interagissent avec notre site. Les informations d\u2019identification non personnelles peuvent inclure le nom du navigateur, le type d\u2019ordinateur et des informations techniques sur les moyens de connexion des utilisateurs \u00e0 notre site telles que le syst\u00e8me d\u2019exploitation et les fournisseurs de services Internet utilis\u00e9s, ainsi que d\u2019autres informations similaires.<\/p>\r\n<h3>Cookies de navigateur Web<\/h3>\r\n<p>Notre site peut utiliser des \u00abcookies\u00bb pour am\u00e9liorer l\u2019exp\u00e9rience de l\u2019utilisateur. Le navigateur Web de l\u2019utilisateur place des cookies sur son disque dur \u00e0 des fins d\u2019archivage et parfois de suivi des informations le concernant. L\u2019utilisateur peut choisir de configurer son navigateur Web pour refuser les cookies ou pour vous avertir lorsque des cookies sont envoy\u00e9s. S\u2019il le fait, notez que certaines parties du site peuvent ne pas fonctionner correctement.<\/p>\r\n<h3>Comment prot\u00e9geons-nous vos informations?<\/h3>\r\n<p>Nous adoptons des pratiques appropri\u00e9es de collecte, de stockage et de traitement des donn\u00e9es, ainsi que des mesures de s\u00e9curit\u00e9 afin d\u2019\u00e9viter tout acc\u00e8s, toute modification, toute divulgation, destruction ou destruction non autoris\u00e9e de vos informations personnelles, nom d\u2019utilisateur, mot de passe, informations de transaction et donn\u00e9es stock\u00e9es sur notre site.<\/p>\r\n<h3>Comment supprimer vos donn\u00e9es de nos services connect\u00e9s \u00e0 Facebook<\/h3>\r\n<p>Pour supprimer vos donn\u00e9es de nos services connect\u00e9s \u00e0 Facebook, suivez ces \u00e9tapes : Connectez-vous \u00e0 votre compte Facebook. Acc\u00e9dez au menu des param\u00e8tres en cliquant sur la fl\u00e8che vers le bas dans le coin sup\u00e9rieur droit du site Web ou de l\u2019application Facebook. Ensuite, s\u00e9lectionnez \u2018Param\u00e8tres et confidentialit\u00e9\u2019 &gt; \u2018Param\u00e8tres\u2019 &gt; \u2018Applications et sites web\u2019. Vous verrez alors une liste des applications et sites web connect\u00e9s \u00e0 votre compte Facebook. Trouvez et s\u00e9lectionnez notre application ou site web dans la liste, puis cliquez sur \u2018Supprimer\u2019. Confirmez votre choix en cliquant \u00e0 nouveau sur \u2018Supprimer\u2019. Cette action r\u00e9voquera l\u2019acc\u00e8s de notre application \u00e0 vos donn\u00e9es Facebook. Vous pouvez \u00e9galement nous contacter directement pour toute assistance suppl\u00e9mentaire concernant la suppression de vos donn\u00e9es.<\/p>\r\n<h3>Partage de vos informations personnelles<\/h3>\r\n<p>Nous ne vendons, n\u2019\u00e9changeons ni ne louons les informations d\u2019identification personnelle des utilisateurs \u00e0 des tiers. Nous pouvons partager des informations d\u00e9mographiques non li\u00e9es \u00e0 des informations d\u2019identification personnelle concernant les visiteurs et les utilisateurs avec nos partenaires commerciaux, nos soci\u00e9t\u00e9s affili\u00e9es de confiance et nos annonceurs aux fins d\u00e9crites ci-dessus.<\/p>\r\n<h3>Sites Web de tiers<\/h3>\r\n<p>Les utilisateurs peuvent trouver sur notre site des publicit\u00e9s ou tout autre contenu renvoyant aux sites et services de nos partenaires, fournisseurs, annonceurs, commanditaires, donneurs de licence et autres tiers. Nous ne contr\u00f4lons pas le contenu ou les liens qui apparaissent sur ces sites et ne sommes pas responsables des pratiques suivies par les sites Web li\u00e9s \u00e0 notre site ou \u00e0 partir de celui-ci. De plus, ces sites ou services, y compris leur contenu et leurs liens, peuvent \u00eatre en constante \u00e9volution. Ces sites et services peuvent avoir leurs propres politiques de confidentialit\u00e9 et de service \u00e0 la client\u00e8le. La navigation et les interactions sur tout autre site Web, y compris les sites Web comportant un lien vers notre site, sont soumises aux propres conditions et politiques de ce site Web.<\/p>\r\n<h3>Modifications de cette politique de confidentialit\u00e9<\/h3>\r\n<p>Nous avons le pouvoir discr\u00e9tionnaire de mettre \u00e0 jour cette politique de confidentialit\u00e9 \u00e0 tout moment. Nous encourageons les utilisateurs \u00e0 consulter r\u00e9guli\u00e8rement cette page afin de rester inform\u00e9s de la mani\u00e8re dont nous aidons \u00e0 prot\u00e9ger les informations personnelles que nous recueillons. Vous reconnaissez et acceptez qu\u2019il est de votre responsabilit\u00e9 de lire cette politique de confidentialit\u00e9 p\u00e9riodiquement et de prendre connaissance des modifications.<\/p>\r\n<h3>Votre acceptation de ces conditions<\/h3>\r\n<p>En utilisant ce site, vous reconnaissez avoir accept\u00e9 cette politique. Si vous n\u2019acceptez pas cette politique, veuillez ne pas utiliser notre site. Votre utilisation continue du site apr\u00e8s la publication de modifications de cette politique sera consid\u00e9r\u00e9e comme votre acceptation de ces modifications.<\/p>\r\n<h3>Nous contacter<\/h3>\r\n<p>Si vous avez des questions concernant cette politique de confidentialit\u00e9, veuillez nous contacter:<\/p>\r\n<p>Pina Scicchitano<br \/>Telephone: <a href=\"tel:5149289670\">514-928-9670<\/a><br \/><a href=\"mailto:pinaremaxplatine@gmail.com\">pinaremaxplatine@gmail.com<\/a><\/p>","protected":false},"excerpt":{"rendered":"<p>Cette politique de confidentialit\u00e9 r\u00e9git la mani\u00e8re dont Pina Scicchitano collecte, utilise, conserve et divulgue les informations recueillies aupr\u00e8s des utilisateurs. Informations d\u2019identification personnelle Nous pouvons collecter des informations d\u2019identification personnelle aupr\u00e8s des utilisateurs de diff\u00e9rentes mani\u00e8res, notamment lorsque l\u2019utilisateur visite notre site, s\u2019enregistre sur le site, s\u2019abonne \u00e0 l\u2019infolettre, remplit un formulaire, et en [&hellip;]<\/p>\n","protected":false},"author":1,"featured_media":405,"parent":0,"menu_order":0,"comment_status":"closed","ping_status":"closed","template":"","meta":{"_acf_changed":false,"inline_featured_image":false,"footnotes":""},"class_list":["post-692","page","type-page","status-publish","has-post-thumbnail","hentry"],"acf":[],"yoast_head":"<!-- This site is optimized with the Yoast SEO plugin v26.8 - https:\/\/yoast.com\/product\/yoast-seo-wordpress\/ -->\n<title>Politique de confidentialit\u00e9 - \u00c9quipe Pina Scicchitano - Courtiers immobiliers - RE\/MAX Platine<\/title>\n<meta name=\"robots\" content=\"index, follow, max-snippet:-1, max-image-preview:large, max-video-preview:-1\" \/>\n<link rel=\"canonical\" href=\"https:\/\/equipepina.com\/fr\/politique-de-confidentialite\/\" \/>\n<meta property=\"og:locale\" content=\"fr_FR\" \/>\n<meta property=\"og:type\" content=\"article\" \/>\n<meta property=\"og:title\" content=\"Politique de confidentialit\u00e9 - \u00c9quipe Pina Scicchitano - Courtiers immobiliers - RE\/MAX Platine\" \/>\n<meta property=\"og:description\" content=\"Cette politique de confidentialit\u00e9 r\u00e9git la mani\u00e8re dont Pina Scicchitano collecte, utilise, conserve et divulgue les informations recueillies aupr\u00e8s des utilisateurs. Informations d\u2019identification personnelle Nous pouvons collecter des informations d\u2019identification personnelle aupr\u00e8s des utilisateurs de diff\u00e9rentes mani\u00e8res, notamment lorsque l\u2019utilisateur visite notre site, s\u2019enregistre sur le site, s\u2019abonne \u00e0 l\u2019infolettre, remplit un formulaire, et en [&hellip;]\" \/>\n<meta property=\"og:url\" content=\"https:\/\/equipepina.com\/fr\/politique-de-confidentialite\/\" \/>\n<meta property=\"og:site_name\" content=\"\u00c9quipe Pina Scicchitano\" \/>\n<meta property=\"article:publisher\" content=\"https:\/\/www.facebook.com\/PinaRemax\/\" \/>\n<meta property=\"article:modified_time\" content=\"2026-01-09T17:16:37+00:00\" \/>\n<meta property=\"og:image\" content=\"https:\/\/equipepina.com\/wp-content\/uploads\/2025\/11\/bg-pagebanner.jpg\" \/>\n\t<meta property=\"og:image:width\" content=\"1500\" \/>\n\t<meta property=\"og:image:height\" content=\"1000\" \/>\n\t<meta property=\"og:image:type\" content=\"image\/jpeg\" \/>\n<meta name=\"twitter:card\" content=\"summary_large_image\" \/>\n<meta name=\"twitter:label1\" content=\"Dur\u00e9e de lecture estim\u00e9e\" \/>\n\t<meta name=\"twitter:data1\" content=\"5 minutes\" \/>\n<script type=\"application\/ld+json\" class=\"yoast-schema-graph\">{\"@context\":\"https:\/\/schema.org\",\"@graph\":[{\"@type\":\"WebPage\",\"@id\":\"https:\/\/equipepina.com\/fr\/politique-de-confidentialite\/\",\"url\":\"https:\/\/equipepina.com\/fr\/politique-de-confidentialite\/\",\"name\":\"Politique de confidentialit\u00e9 - \u00c9quipe Pina Scicchitano - Courtiers immobiliers - RE\/MAX Platine\",\"isPartOf\":{\"@id\":\"https:\/\/equipepina.com\/#website\"},\"primaryImageOfPage\":{\"@id\":\"https:\/\/equipepina.com\/fr\/politique-de-confidentialite\/#primaryimage\"},\"image\":{\"@id\":\"https:\/\/equipepina.com\/fr\/politique-de-confidentialite\/#primaryimage\"},\"thumbnailUrl\":\"https:\/\/equipepina.com\/wp-content\/uploads\/2025\/11\/bg-pagebanner.jpg\",\"datePublished\":\"2025-11-10T13:25:59+00:00\",\"dateModified\":\"2026-01-09T17:16:37+00:00\",\"breadcrumb\":{\"@id\":\"https:\/\/equipepina.com\/fr\/politique-de-confidentialite\/#breadcrumb\"},\"inLanguage\":\"fr-FR\",\"potentialAction\":[{\"@type\":\"ReadAction\",\"target\":[\"https:\/\/equipepina.com\/fr\/politique-de-confidentialite\/\"]}]},{\"@type\":\"ImageObject\",\"inLanguage\":\"fr-FR\",\"@id\":\"https:\/\/equipepina.com\/fr\/politique-de-confidentialite\/#primaryimage\",\"url\":\"https:\/\/equipepina.com\/wp-content\/uploads\/2025\/11\/bg-pagebanner.jpg\",\"contentUrl\":\"https:\/\/equipepina.com\/wp-content\/uploads\/2025\/11\/bg-pagebanner.jpg\",\"width\":1500,\"height\":1000},{\"@type\":\"BreadcrumbList\",\"@id\":\"https:\/\/equipepina.com\/fr\/politique-de-confidentialite\/#breadcrumb\",\"itemListElement\":[{\"@type\":\"ListItem\",\"position\":1,\"name\":\"Home\",\"item\":\"https:\/\/equipepina.com\/fr\/\"},{\"@type\":\"ListItem\",\"position\":2,\"name\":\"Politique de confidentialit\u00e9\"}]},{\"@type\":\"WebSite\",\"@id\":\"https:\/\/equipepina.com\/#website\",\"url\":\"https:\/\/equipepina.com\/\",\"name\":\"Equipe Pina\",\"description\":\"Courtiers immobiliers - RE\/MAX Platine\",\"publisher\":{\"@id\":\"https:\/\/equipepina.com\/#organization\"},\"potentialAction\":[{\"@type\":\"SearchAction\",\"target\":{\"@type\":\"EntryPoint\",\"urlTemplate\":\"https:\/\/equipepina.com\/?s={search_term_string}\"},\"query-input\":{\"@type\":\"PropertyValueSpecification\",\"valueRequired\":true,\"valueName\":\"search_term_string\"}}],\"inLanguage\":\"fr-FR\"},{\"@type\":\"Organization\",\"@id\":\"https:\/\/equipepina.com\/#organization\",\"name\":\"Equipe Pina\",\"url\":\"https:\/\/equipepina.com\/\",\"logo\":{\"@type\":\"ImageObject\",\"inLanguage\":\"fr-FR\",\"@id\":\"https:\/\/equipepina.com\/#\/schema\/logo\/image\/\",\"url\":\"https:\/\/equipepina.com\/wp-content\/uploads\/2025\/11\/logo-pina.png\",\"contentUrl\":\"https:\/\/equipepina.com\/wp-content\/uploads\/2025\/11\/logo-pina.png\",\"width\":1024,\"height\":244,\"caption\":\"Equipe Pina\"},\"image\":{\"@id\":\"https:\/\/equipepina.com\/#\/schema\/logo\/image\/\"},\"sameAs\":[\"https:\/\/www.facebook.com\/PinaRemax\/\",\"https:\/\/www.instagram.com\/pinatano\/\",\"https:\/\/ca.linkedin.com\/in\/pina-scicchitano-4a399486\"]}]}<\/script>\n<!-- \/ Yoast SEO plugin. -->","yoast_head_json":{"title":"Politique de confidentialit\u00e9 - \u00c9quipe Pina Scicchitano - Courtiers immobiliers - RE\/MAX Platine","robots":{"index":"index","follow":"follow","max-snippet":"max-snippet:-1","max-image-preview":"max-image-preview:large","max-video-preview":"max-video-preview:-1"},"canonical":"https:\/\/equipepina.com\/fr\/politique-de-confidentialite\/","og_locale":"fr_FR","og_type":"article","og_title":"Politique de confidentialit\u00e9 - \u00c9quipe Pina Scicchitano - Courtiers immobiliers - RE\/MAX Platine","og_description":"Cette politique de confidentialit\u00e9 r\u00e9git la mani\u00e8re dont Pina Scicchitano collecte, utilise, conserve et divulgue les informations recueillies aupr\u00e8s des utilisateurs. Informations d\u2019identification personnelle Nous pouvons collecter des informations d\u2019identification personnelle aupr\u00e8s des utilisateurs de diff\u00e9rentes mani\u00e8res, notamment lorsque l\u2019utilisateur visite notre site, s\u2019enregistre sur le site, s\u2019abonne \u00e0 l\u2019infolettre, remplit un formulaire, et en [&hellip;]","og_url":"https:\/\/equipepina.com\/fr\/politique-de-confidentialite\/","og_site_name":"\u00c9quipe Pina Scicchitano","article_publisher":"https:\/\/www.facebook.com\/PinaRemax\/","article_modified_time":"2026-01-09T17:16:37+00:00","og_image":[{"width":1500,"height":1000,"url":"https:\/\/equipepina.com\/wp-content\/uploads\/2025\/11\/bg-pagebanner.jpg","type":"image\/jpeg"}],"twitter_card":"summary_large_image","twitter_misc":{"Dur\u00e9e de lecture estim\u00e9e":"5 minutes"},"schema":{"@context":"https:\/\/schema.org","@graph":[{"@type":"WebPage","@id":"https:\/\/equipepina.com\/fr\/politique-de-confidentialite\/","url":"https:\/\/equipepina.com\/fr\/politique-de-confidentialite\/","name":"Politique de confidentialit\u00e9 - \u00c9quipe Pina Scicchitano - Courtiers immobiliers - RE\/MAX Platine","isPartOf":{"@id":"https:\/\/equipepina.com\/#website"},"primaryImageOfPage":{"@id":"https:\/\/equipepina.com\/fr\/politique-de-confidentialite\/#primaryimage"},"image":{"@id":"https:\/\/equipepina.com\/fr\/politique-de-confidentialite\/#primaryimage"},"thumbnailUrl":"https:\/\/equipepina.com\/wp-content\/uploads\/2025\/11\/bg-pagebanner.jpg","datePublished":"2025-11-10T13:25:59+00:00","dateModified":"2026-01-09T17:16:37+00:00","breadcrumb":{"@id":"https:\/\/equipepina.com\/fr\/politique-de-confidentialite\/#breadcrumb"},"inLanguage":"fr-FR","potentialAction":[{"@type":"ReadAction","target":["https:\/\/equipepina.com\/fr\/politique-de-confidentialite\/"]}]},{"@type":"ImageObject","inLanguage":"fr-FR","@id":"https:\/\/equipepina.com\/fr\/politique-de-confidentialite\/#primaryimage","url":"https:\/\/equipepina.com\/wp-content\/uploads\/2025\/11\/bg-pagebanner.jpg","contentUrl":"https:\/\/equipepina.com\/wp-content\/uploads\/2025\/11\/bg-pagebanner.jpg","width":1500,"height":1000},{"@type":"BreadcrumbList","@id":"https:\/\/equipepina.com\/fr\/politique-de-confidentialite\/#breadcrumb","itemListElement":[{"@type":"ListItem","position":1,"name":"Home","item":"https:\/\/equipepina.com\/fr\/"},{"@type":"ListItem","position":2,"name":"Politique de confidentialit\u00e9"}]},{"@type":"WebSite","@id":"https:\/\/equipepina.com\/#website","url":"https:\/\/equipepina.com\/","name":"Equipe Pina","description":"Courtiers immobiliers - RE\/MAX Platine","publisher":{"@id":"https:\/\/equipepina.com\/#organization"},"potentialAction":[{"@type":"SearchAction","target":{"@type":"EntryPoint","urlTemplate":"https:\/\/equipepina.com\/?s={search_term_string}"},"query-input":{"@type":"PropertyValueSpecification","valueRequired":true,"valueName":"search_term_string"}}],"inLanguage":"fr-FR"},{"@type":"Organization","@id":"https:\/\/equipepina.com\/#organization","name":"Equipe Pina","url":"https:\/\/equipepina.com\/","logo":{"@type":"ImageObject","inLanguage":"fr-FR","@id":"https:\/\/equipepina.com\/#\/schema\/logo\/image\/","url":"https:\/\/equipepina.com\/wp-content\/uploads\/2025\/11\/logo-pina.png","contentUrl":"https:\/\/equipepina.com\/wp-content\/uploads\/2025\/11\/logo-pina.png","width":1024,"height":244,"caption":"Equipe Pina"},"image":{"@id":"https:\/\/equipepina.com\/#\/schema\/logo\/image\/"},"sameAs":["https:\/\/www.facebook.com\/PinaRemax\/","https:\/\/www.instagram.com\/pinatano\/","https:\/\/ca.linkedin.com\/in\/pina-scicchitano-4a399486"]}]}},"_links":{"self":[{"href":"https:\/\/equipepina.com\/fr\/wp-json\/wp\/v2\/pages\/692","targetHints":{"allow":["GET"]}}],"collection":[{"href":"https:\/\/equipepina.com\/fr\/wp-json\/wp\/v2\/pages"}],"about":[{"href":"https:\/\/equipepina.com\/fr\/wp-json\/wp\/v2\/types\/page"}],"author":[{"embeddable":true,"href":"https:\/\/equipepina.com\/fr\/wp-json\/wp\/v2\/users\/1"}],"replies":[{"embeddable":true,"href":"https:\/\/equipepina.com\/fr\/wp-json\/wp\/v2\/comments?post=692"}],"version-history":[{"count":2,"href":"https:\/\/equipepina.com\/fr\/wp-json\/wp\/v2\/pages\/692\/revisions"}],"predecessor-version":[{"id":694,"href":"https:\/\/equipepina.com\/fr\/wp-json\/wp\/v2\/pages\/692\/revisions\/694"}],"wp:featuredmedia":[{"embeddable":true,"href":"https:\/\/equipepina.com\/fr\/wp-json\/wp\/v2\/media\/405"}],"wp:attachment":[{"href":"https:\/\/equipepina.com\/fr\/wp-json\/wp\/v2\/media?parent=692"}],"curies":[{"name":"wp","href":"https:\/\/api.w.org\/{rel}","templated":true}]}}